{"id":3433,"date":"2023-03-27T14:34:02","date_gmt":"2023-03-27T12:34:02","guid":{"rendered":"https:\/\/www.sobatec-gmbh.de\/?page_id=3433"},"modified":"2023-03-29T16:40:29","modified_gmt":"2023-03-29T14:40:29","slug":"wheel-set-storage-unit","status":"publish","type":"page","link":"https:\/\/www.sobatec-gmbh.de\/en\/machines\/conveyor-technology\/wheel-set-storage-unit\/","title":{"rendered":"Wheel set storage unit"},"content":{"rendered":"<div class=\"lazyblock-page-headline-Z1CSkDg wp-block-lazyblock-page-headline\"><div id=\"dsnet-block-pageheadline\" class=\"dsnet-block\">\n  <div class=\"dsnet-wrapper\">\n    <div class=\"left\">\n      <div class=\"small\">Conveyer technology<\/div>\n      <h1>Wheel set storage unit<\/h1>\n    <\/div>\n    <div class=\"right\">\n      <img decoding=\"async\" src=\"https:\/\/www.sobatec-gmbh.de\/wp-content\/themes\/sobatec-theme\/gfx\/madeingermany.svg\" alt=\"\" \/>\n    <\/div>\n    <div class=\"clear\"><\/div>\n  <\/div>\n<\/div><\/div>\n\n\n<figure class=\"wp-block-image size-large is-style-default\"><img loading=\"lazy\" decoding=\"async\" width=\"1024\" height=\"768\" src=\"https:\/\/www.sobatec-gmbh.de\/wp-content\/uploads\/2021\/11\/sobatec-radsatzspeicher-1024x768.jpg\" alt=\"\" class=\"wp-image-2154\" srcset=\"https:\/\/www.sobatec-gmbh.de\/wp-content\/uploads\/2021\/11\/sobatec-radsatzspeicher-1024x768.jpg 1024w, https:\/\/www.sobatec-gmbh.de\/wp-content\/uploads\/2021\/11\/sobatec-radsatzspeicher-300x225.jpg 300w, https:\/\/www.sobatec-gmbh.de\/wp-content\/uploads\/2021\/11\/sobatec-radsatzspeicher-768x576.jpg 768w, https:\/\/www.sobatec-gmbh.de\/wp-content\/uploads\/2021\/11\/sobatec-radsatzspeicher.jpg 1500w\" sizes=\"auto, (max-width: 1024px) 100vw, 1024px\" \/><\/figure>\n\n\n\n<h2 class=\"wp-block-heading\"><strong>Radsatzspeicher<\/strong><\/h2>\n\n\n\n<p>Dient dem kontrollierten Speichern sowie automatischen Auffangen und Ausrollen von Rads\u00e4tzen in Gleisen zur Beeinflussung des Tranportflusses von Rads\u00e4tzen und zur Durchff\u00fchrung von Service- und Instandhaltungsarbeiten.<\/p>\n\n\n\n<p>Speichern von Rads\u00e4tzen<\/p>\n\n\n\n<p><strong>Funktion:<\/strong><\/p>\n\n\n\n<ul class=\"wp-block-list\">\n<li>Tragf\u00e4higkeit 2 bis 4 t&nbsp;<\/li>\n\n\n\n<li>L\u00e4nge 1400 mm oder 1250 mm, Breite 1900 mm, H\u00f6he: 200 mm&nbsp;<\/li>\n\n\n\n<li>Automatisches Fangen und Auswerfen&nbsp;<\/li>\n\n\n\n<li>Das Auswerfen der Rads\u00e4tze erfolgt hydraulisch&nbsp;<\/li>\n\n\n\n<li>Mit beliebigen&nbsp;Speicherpl\u00e4tzen lieferbar.&nbsp;<\/li>\n\n\n\n<li>Als Doppelstockspeicher&nbsp;mit Aufz\u00fcgen lieferbar&nbsp;<\/li>\n\n\n\n<li>mit SPS Steuerung<\/li>\n<\/ul>\n\n\n\n<h2 class=\"wp-block-heading\"><strong>Mehrfach-Radsatzspeicher<\/strong><\/h2>\n\n\n\n<p>Dient dem kontrollierten Speichern sowie automatischen Transport von mehreren Rads\u00e4tzen hintereinander durch mehrere Speicherpl\u00e4tze ohne dass sich die Rads\u00e4tze ber\u00fchren zur kontinuierlichen Bereitstellung an einem Arbeitsstand innerhalb der Transportstrecke.<\/p>\n\n\n\n<p>Speichern und F\u00f6rdern von Rads\u00e4tzen<\/p>\n\n\n\n<ul class=\"wp-block-list\">\n<li>bis 14 Speicherpl\u00e4tze, je nach Platzangebot in der F\u00f6rderstrecke und verf\u00fcgbarer Durchlaufzeit f\u00fcr einen Radsatz auch mehr Speicherpl\u00e4tze m\u00f6glich<\/li>\n\n\n\n<li>automatisches F\u00f6rdern und Sperren \u00fcber R\u00fccklaufsperre und Wippe bei Unterst\u00fctzung durch eine leicht geneigte Ebene, die die Hangabtriebskraft&nbsp;<\/li>\n<\/ul>\n\n\n\n<div style=\"height:100px\" aria-hidden=\"true\" class=\"wp-block-spacer\"><\/div>\n\n\n<div class=\"lazyblock-back-button-2v6NN9 wp-block-lazyblock-back-button\"><div id=\"dsnet-block-backbutton\" class=\"dsnet-block\">\n  <div class=\"dsnet-wrapper\">\n    <a href=\"https:\/\/www.sobatec-gmbh.de\/leistungen\/foerdertechnik\/\" title=\"Zur\u00fcck zur \u00dcbersicht\">\n      <div class=\"arrow\"><\/div>\n      <div class=\"text\">Zur\u00fcck zur \u00dcbersicht<\/div>\n      <div class=\"clear\"><\/div>\n    <\/a>\n  <\/div>\n<\/div><\/div>","protected":false},"excerpt":{"rendered":"<p>Radsatzspeicher Dient dem kontrollierten Speichern sowie automatischen Auffangen und Ausrollen von Rads\u00e4tzen in Gleisen zur Beeinflussung des Tranportflusses von Rads\u00e4tzen und zur Durchff\u00fchrung von Service- und Instandhaltungsarbeiten. Speichern von Rads\u00e4tzen Funktion: Mehrfach-Radsatzspeicher Dient dem kontrollierten Speichern sowie automatischen Transport von mehreren Rads\u00e4tzen hintereinander durch mehrere Speicherpl\u00e4tze ohne dass sich die Rads\u00e4tze ber\u00fchren zur kontinuierlichen Bereitstellung [&hellip;]<\/p>\n","protected":false},"author":1,"featured_media":0,"parent":3313,"menu_order":20,"comment_status":"closed","ping_status":"closed","template":"","meta":{"_acf_changed":false,"inline_featured_image":false,"footnotes":""},"class_list":["post-3433","page","type-page","status-publish","hentry"],"acf":[],"yoast_head":"<!-- This site is optimized with the Yoast SEO plugin v27.3 - https:\/\/yoast.com\/product\/yoast-seo-wordpress\/ -->\n<title>Wheel set storage unit &#8226; SOBAtec<\/title>\n<meta name=\"robots\" content=\"index, follow, max-snippet:-1, max-image-preview:large, max-video-preview:-1\" \/>\n<link rel=\"canonical\" href=\"https:\/\/www.sobatec-gmbh.de\/en\/machines\/conveyor-technology\/wheel-set-storage-unit\/\" \/>\n<meta property=\"og:locale\" content=\"en_US\" \/>\n<meta property=\"og:type\" content=\"article\" \/>\n<meta property=\"og:title\" content=\"Wheel set storage unit &#8226; SOBAtec\" \/>\n<meta property=\"og:description\" content=\"Radsatzspeicher Dient dem kontrollierten Speichern sowie automatischen Auffangen und Ausrollen von Rads\u00e4tzen in Gleisen zur Beeinflussung des Tranportflusses von Rads\u00e4tzen und zur Durchff\u00fchrung von Service- und Instandhaltungsarbeiten. Speichern von Rads\u00e4tzen Funktion: Mehrfach-Radsatzspeicher Dient dem kontrollierten Speichern sowie automatischen Transport von mehreren Rads\u00e4tzen hintereinander durch mehrere Speicherpl\u00e4tze ohne dass sich die Rads\u00e4tze ber\u00fchren zur kontinuierlichen Bereitstellung [&hellip;]\" \/>\n<meta property=\"og:url\" content=\"https:\/\/www.sobatec-gmbh.de\/en\/machines\/conveyor-technology\/wheel-set-storage-unit\/\" \/>\n<meta property=\"og:site_name\" content=\"SOBAtec\" \/>\n<meta property=\"article:modified_time\" content=\"2023-03-29T14:40:29+00:00\" \/>\n<meta property=\"og:image\" content=\"https:\/\/www.sobatec-gmbh.de\/wp-content\/uploads\/2021\/11\/sobatec-radsatzspeicher-1024x768.jpg\" \/>\n<meta name=\"twitter:card\" content=\"summary_large_image\" \/>\n<meta name=\"twitter:label1\" content=\"Est. reading time\" \/>\n\t<meta name=\"twitter:data1\" content=\"1 minute\" \/>\n<script type=\"application\/ld+json\" class=\"yoast-schema-graph\">{\"@context\":\"https:\\\/\\\/schema.org\",\"@graph\":[{\"@type\":\"WebPage\",\"@id\":\"https:\\\/\\\/www.sobatec-gmbh.de\\\/en\\\/machines\\\/conveyor-technology\\\/wheel-set-storage-unit\\\/\",\"url\":\"https:\\\/\\\/www.sobatec-gmbh.de\\\/en\\\/machines\\\/conveyor-technology\\\/wheel-set-storage-unit\\\/\",\"name\":\"Wheel set storage unit &#8226; SOBAtec\",\"isPartOf\":{\"@id\":\"https:\\\/\\\/www.sobatec-gmbh.de\\\/#website\"},\"primaryImageOfPage\":{\"@id\":\"https:\\\/\\\/www.sobatec-gmbh.de\\\/en\\\/machines\\\/conveyor-technology\\\/wheel-set-storage-unit\\\/#primaryimage\"},\"image\":{\"@id\":\"https:\\\/\\\/www.sobatec-gmbh.de\\\/en\\\/machines\\\/conveyor-technology\\\/wheel-set-storage-unit\\\/#primaryimage\"},\"thumbnailUrl\":\"https:\\\/\\\/www.sobatec-gmbh.de\\\/wp-content\\\/uploads\\\/2021\\\/11\\\/sobatec-radsatzspeicher-1024x768.jpg\",\"datePublished\":\"2023-03-27T12:34:02+00:00\",\"dateModified\":\"2023-03-29T14:40:29+00:00\",\"breadcrumb\":{\"@id\":\"https:\\\/\\\/www.sobatec-gmbh.de\\\/en\\\/machines\\\/conveyor-technology\\\/wheel-set-storage-unit\\\/#breadcrumb\"},\"inLanguage\":\"en-US\",\"potentialAction\":[{\"@type\":\"ReadAction\",\"target\":[\"https:\\\/\\\/www.sobatec-gmbh.de\\\/en\\\/machines\\\/conveyor-technology\\\/wheel-set-storage-unit\\\/\"]}]},{\"@type\":\"ImageObject\",\"inLanguage\":\"en-US\",\"@id\":\"https:\\\/\\\/www.sobatec-gmbh.de\\\/en\\\/machines\\\/conveyor-technology\\\/wheel-set-storage-unit\\\/#primaryimage\",\"url\":\"https:\\\/\\\/www.sobatec-gmbh.de\\\/wp-content\\\/uploads\\\/2021\\\/11\\\/sobatec-radsatzspeicher-1024x768.jpg\",\"contentUrl\":\"https:\\\/\\\/www.sobatec-gmbh.de\\\/wp-content\\\/uploads\\\/2021\\\/11\\\/sobatec-radsatzspeicher-1024x768.jpg\"},{\"@type\":\"BreadcrumbList\",\"@id\":\"https:\\\/\\\/www.sobatec-gmbh.de\\\/en\\\/machines\\\/conveyor-technology\\\/wheel-set-storage-unit\\\/#breadcrumb\",\"itemListElement\":[{\"@type\":\"ListItem\",\"position\":1,\"name\":\"Startseite\",\"item\":\"https:\\\/\\\/www.sobatec-gmbh.de\\\/en\\\/\"},{\"@type\":\"ListItem\",\"position\":2,\"name\":\"Machines\",\"item\":\"https:\\\/\\\/www.sobatec-gmbh.de\\\/en\\\/machines\\\/\"},{\"@type\":\"ListItem\",\"position\":3,\"name\":\"Conveyor technology\",\"item\":\"https:\\\/\\\/www.sobatec-gmbh.de\\\/en\\\/machines\\\/conveyor-technology\\\/\"},{\"@type\":\"ListItem\",\"position\":4,\"name\":\"Wheel set storage unit\"}]},{\"@type\":\"WebSite\",\"@id\":\"https:\\\/\\\/www.sobatec-gmbh.de\\\/#website\",\"url\":\"https:\\\/\\\/www.sobatec-gmbh.de\\\/\",\"name\":\"SOBAtec\",\"description\":\"Intelligent Solutions for Industry \u2013 100% Made in Germany\",\"potentialAction\":[{\"@type\":\"SearchAction\",\"target\":{\"@type\":\"EntryPoint\",\"urlTemplate\":\"https:\\\/\\\/www.sobatec-gmbh.de\\\/?s={search_term_string}\"},\"query-input\":{\"@type\":\"PropertyValueSpecification\",\"valueRequired\":true,\"valueName\":\"search_term_string\"}}],\"inLanguage\":\"en-US\"}]}<\/script>\n<!-- \/ Yoast SEO plugin. -->","yoast_head_json":{"title":"Wheel set storage unit &#8226; SOBAtec","robots":{"index":"index","follow":"follow","max-snippet":"max-snippet:-1","max-image-preview":"max-image-preview:large","max-video-preview":"max-video-preview:-1"},"canonical":"https:\/\/www.sobatec-gmbh.de\/en\/machines\/conveyor-technology\/wheel-set-storage-unit\/","og_locale":"en_US","og_type":"article","og_title":"Wheel set storage unit &#8226; SOBAtec","og_description":"Radsatzspeicher Dient dem kontrollierten Speichern sowie automatischen Auffangen und Ausrollen von Rads\u00e4tzen in Gleisen zur Beeinflussung des Tranportflusses von Rads\u00e4tzen und zur Durchff\u00fchrung von Service- und Instandhaltungsarbeiten. Speichern von Rads\u00e4tzen Funktion: Mehrfach-Radsatzspeicher Dient dem kontrollierten Speichern sowie automatischen Transport von mehreren Rads\u00e4tzen hintereinander durch mehrere Speicherpl\u00e4tze ohne dass sich die Rads\u00e4tze ber\u00fchren zur kontinuierlichen Bereitstellung [&hellip;]","og_url":"https:\/\/www.sobatec-gmbh.de\/en\/machines\/conveyor-technology\/wheel-set-storage-unit\/","og_site_name":"SOBAtec","article_modified_time":"2023-03-29T14:40:29+00:00","og_image":[{"url":"https:\/\/www.sobatec-gmbh.de\/wp-content\/uploads\/2021\/11\/sobatec-radsatzspeicher-1024x768.jpg","type":"","width":"","height":""}],"twitter_card":"summary_large_image","twitter_misc":{"Est. reading time":"1 minute"},"schema":{"@context":"https:\/\/schema.org","@graph":[{"@type":"WebPage","@id":"https:\/\/www.sobatec-gmbh.de\/en\/machines\/conveyor-technology\/wheel-set-storage-unit\/","url":"https:\/\/www.sobatec-gmbh.de\/en\/machines\/conveyor-technology\/wheel-set-storage-unit\/","name":"Wheel set storage unit &#8226; SOBAtec","isPartOf":{"@id":"https:\/\/www.sobatec-gmbh.de\/#website"},"primaryImageOfPage":{"@id":"https:\/\/www.sobatec-gmbh.de\/en\/machines\/conveyor-technology\/wheel-set-storage-unit\/#primaryimage"},"image":{"@id":"https:\/\/www.sobatec-gmbh.de\/en\/machines\/conveyor-technology\/wheel-set-storage-unit\/#primaryimage"},"thumbnailUrl":"https:\/\/www.sobatec-gmbh.de\/wp-content\/uploads\/2021\/11\/sobatec-radsatzspeicher-1024x768.jpg","datePublished":"2023-03-27T12:34:02+00:00","dateModified":"2023-03-29T14:40:29+00:00","breadcrumb":{"@id":"https:\/\/www.sobatec-gmbh.de\/en\/machines\/conveyor-technology\/wheel-set-storage-unit\/#breadcrumb"},"inLanguage":"en-US","potentialAction":[{"@type":"ReadAction","target":["https:\/\/www.sobatec-gmbh.de\/en\/machines\/conveyor-technology\/wheel-set-storage-unit\/"]}]},{"@type":"ImageObject","inLanguage":"en-US","@id":"https:\/\/www.sobatec-gmbh.de\/en\/machines\/conveyor-technology\/wheel-set-storage-unit\/#primaryimage","url":"https:\/\/www.sobatec-gmbh.de\/wp-content\/uploads\/2021\/11\/sobatec-radsatzspeicher-1024x768.jpg","contentUrl":"https:\/\/www.sobatec-gmbh.de\/wp-content\/uploads\/2021\/11\/sobatec-radsatzspeicher-1024x768.jpg"},{"@type":"BreadcrumbList","@id":"https:\/\/www.sobatec-gmbh.de\/en\/machines\/conveyor-technology\/wheel-set-storage-unit\/#breadcrumb","itemListElement":[{"@type":"ListItem","position":1,"name":"Startseite","item":"https:\/\/www.sobatec-gmbh.de\/en\/"},{"@type":"ListItem","position":2,"name":"Machines","item":"https:\/\/www.sobatec-gmbh.de\/en\/machines\/"},{"@type":"ListItem","position":3,"name":"Conveyor technology","item":"https:\/\/www.sobatec-gmbh.de\/en\/machines\/conveyor-technology\/"},{"@type":"ListItem","position":4,"name":"Wheel set storage unit"}]},{"@type":"WebSite","@id":"https:\/\/www.sobatec-gmbh.de\/#website","url":"https:\/\/www.sobatec-gmbh.de\/","name":"SOBAtec","description":"Intelligent Solutions for Industry \u2013 100% Made in Germany","potentialAction":[{"@type":"SearchAction","target":{"@type":"EntryPoint","urlTemplate":"https:\/\/www.sobatec-gmbh.de\/?s={search_term_string}"},"query-input":{"@type":"PropertyValueSpecification","valueRequired":true,"valueName":"search_term_string"}}],"inLanguage":"en-US"}]}},"_links":{"self":[{"href":"https:\/\/www.sobatec-gmbh.de\/en\/wp-json\/wp\/v2\/pages\/3433","targetHints":{"allow":["GET"]}}],"collection":[{"href":"https:\/\/www.sobatec-gmbh.de\/en\/wp-json\/wp\/v2\/pages"}],"about":[{"href":"https:\/\/www.sobatec-gmbh.de\/en\/wp-json\/wp\/v2\/types\/page"}],"author":[{"embeddable":true,"href":"https:\/\/www.sobatec-gmbh.de\/en\/wp-json\/wp\/v2\/users\/1"}],"replies":[{"embeddable":true,"href":"https:\/\/www.sobatec-gmbh.de\/en\/wp-json\/wp\/v2\/comments?post=3433"}],"version-history":[{"count":1,"href":"https:\/\/www.sobatec-gmbh.de\/en\/wp-json\/wp\/v2\/pages\/3433\/revisions"}],"predecessor-version":[{"id":3434,"href":"https:\/\/www.sobatec-gmbh.de\/en\/wp-json\/wp\/v2\/pages\/3433\/revisions\/3434"}],"up":[{"embeddable":true,"href":"https:\/\/www.sobatec-gmbh.de\/en\/wp-json\/wp\/v2\/pages\/3313"}],"wp:attachment":[{"href":"https:\/\/www.sobatec-gmbh.de\/en\/wp-json\/wp\/v2\/media?parent=3433"}],"curies":[{"name":"wp","href":"https:\/\/api.w.org\/{rel}","templated":true}]}}