{"id":3927,"date":"2024-06-11T11:52:12","date_gmt":"2024-06-11T09:52:12","guid":{"rendered":"https:\/\/www.sobatec-gmbh.de\/?page_id=3927"},"modified":"2024-06-11T11:55:51","modified_gmt":"2024-06-11T09:55:51","slug":"wheel-cutting-system","status":"publish","type":"page","link":"https:\/\/www.sobatec-gmbh.de\/en\/machines\/wheel-cutting-system\/","title":{"rendered":"Wheel cutting system"},"content":{"rendered":"<div class=\"lazyblock-page-headline-Z1CSkDg wp-block-lazyblock-page-headline\"><div id=\"dsnet-block-pageheadline\" class=\"dsnet-block\">\n  <div class=\"dsnet-wrapper\">\n    <div class=\"left\">\n      <div class=\"small\">Workshop \u2013 equipment <\/div>\n      <h1>Wheel cutting system<\/h1>\n    <\/div>\n    <div class=\"right\">\n      <img decoding=\"async\" src=\"https:\/\/www.sobatec-gmbh.de\/wp-content\/themes\/sobatec-theme\/gfx\/madeingermany.svg\" alt=\"\" \/>\n    <\/div>\n    <div class=\"clear\"><\/div>\n  <\/div>\n<\/div><\/div>\n\n\n<figure class=\"wp-block-image size-full is-style-default\"><img loading=\"lazy\" decoding=\"async\" width=\"1024\" height=\"617\" src=\"https:\/\/www.sobatec-gmbh.de\/wp-content\/uploads\/2024\/06\/sobatec-gmbh-werkstattausruestung-radreifentrennanlage.jpg\" alt=\"\" class=\"wp-image-3914\" srcset=\"https:\/\/www.sobatec-gmbh.de\/wp-content\/uploads\/2024\/06\/sobatec-gmbh-werkstattausruestung-radreifentrennanlage.jpg 1024w, https:\/\/www.sobatec-gmbh.de\/wp-content\/uploads\/2024\/06\/sobatec-gmbh-werkstattausruestung-radreifentrennanlage-300x181.jpg 300w, https:\/\/www.sobatec-gmbh.de\/wp-content\/uploads\/2024\/06\/sobatec-gmbh-werkstattausruestung-radreifentrennanlage-768x463.jpg 768w\" sizes=\"auto, (max-width: 1024px) 100vw, 1024px\" \/><\/figure>\n\n\n\n<h2 class=\"wp-block-heading\" id=\"arbeitssicherheit-ist-ein-beitrag-zur-steigerung-der-qualitat-von-arbeit\">Headline.<\/h2>\n\n\n\n<p>Um das Ziel der Arbeitssicherheit zu erreichen, gilt es, Maschinen und Betriebsmittel zu entwickeln, die vor Unf\u00e4llen, Gefahren und weiteren sch\u00e4digenden Momenten zu sch\u00fctzen. Die SOBAtec GmbH stellt sich jederzeit dieser Anforderung, denn letztlich beeinflusst die Arbeitssicherheit im Positiven die Wirtschaftlichkeit des Unternehmens.<\/p>\n\n\n\n<div class=\"wp-block-columns is-layout-flex wp-container-core-columns-is-layout-9d6595d7 wp-block-columns-is-layout-flex\">\n<div class=\"wp-block-column is-layout-flow wp-block-column-is-layout-flow\">\n<figure class=\"wp-block-image size-full\"><img loading=\"lazy\" decoding=\"async\" width=\"466\" height=\"617\" src=\"https:\/\/www.sobatec-gmbh.de\/wp-content\/uploads\/2024\/06\/sobatec-gmbh-werkstattausruestung-radreifentrennanlage-2.jpg\" alt=\"\" class=\"wp-image-3916\" srcset=\"https:\/\/www.sobatec-gmbh.de\/wp-content\/uploads\/2024\/06\/sobatec-gmbh-werkstattausruestung-radreifentrennanlage-2.jpg 466w, https:\/\/www.sobatec-gmbh.de\/wp-content\/uploads\/2024\/06\/sobatec-gmbh-werkstattausruestung-radreifentrennanlage-2-227x300.jpg 227w\" sizes=\"auto, (max-width: 466px) 100vw, 466px\" \/><figcaption class=\"wp-element-caption\">Kurzkupplung &#8211; Pufferwechsler<\/figcaption><\/figure>\n<\/div>\n\n\n\n<div class=\"wp-block-column is-layout-flow wp-block-column-is-layout-flow\">\n<figure class=\"wp-block-image size-full\"><img loading=\"lazy\" decoding=\"async\" width=\"466\" height=\"617\" src=\"https:\/\/www.sobatec-gmbh.de\/wp-content\/uploads\/2024\/06\/sobatec-gmbh-werkstattausruestung-radreifentrennanlage-3.jpg\" alt=\"\" class=\"wp-image-3918\" srcset=\"https:\/\/www.sobatec-gmbh.de\/wp-content\/uploads\/2024\/06\/sobatec-gmbh-werkstattausruestung-radreifentrennanlage-3.jpg 466w, https:\/\/www.sobatec-gmbh.de\/wp-content\/uploads\/2024\/06\/sobatec-gmbh-werkstattausruestung-radreifentrennanlage-3-227x300.jpg 227w\" sizes=\"auto, (max-width: 466px) 100vw, 466px\" \/><figcaption class=\"wp-element-caption\">H\u00fclsen &#8211; Pufferwechsler<\/figcaption><\/figure>\n<\/div>\n<\/div>\n\n\n\n<div class=\"wp-block-columns is-layout-flex wp-container-core-columns-is-layout-9d6595d7 wp-block-columns-is-layout-flex\"><\/div>\n\n\n\n<p><\/p>\n\n\n\n<div style=\"height:100px\" aria-hidden=\"true\" class=\"wp-block-spacer\"><\/div>\n\n\n<div class=\"lazyblock-back-button-2v6NN9 wp-block-lazyblock-back-button\"><div id=\"dsnet-block-backbutton\" class=\"dsnet-block\">\n  <div class=\"dsnet-wrapper\">\n    <a href=\"https:\/\/www.sobatec-gmbh.de\/en\/machines\/\" title=\"back to overview \">\n      <div class=\"arrow\"><\/div>\n      <div class=\"text\">back to overview <\/div>\n      <div class=\"clear\"><\/div>\n    <\/a>\n  <\/div>\n<\/div><\/div>","protected":false},"excerpt":{"rendered":"<p>Headline. Um das Ziel der Arbeitssicherheit zu erreichen, gilt es, Maschinen und Betriebsmittel zu entwickeln, die vor Unf\u00e4llen, Gefahren und weiteren sch\u00e4digenden Momenten zu sch\u00fctzen. Die SOBAtec GmbH stellt sich jederzeit dieser Anforderung, denn letztlich beeinflusst die Arbeitssicherheit im Positiven die Wirtschaftlichkeit des Unternehmens.<\/p>\n","protected":false},"author":1,"featured_media":0,"parent":3270,"menu_order":20,"comment_status":"closed","ping_status":"closed","template":"","meta":{"_acf_changed":false,"inline_featured_image":false,"footnotes":""},"class_list":["post-3927","page","type-page","status-publish","hentry"],"acf":[],"yoast_head":"<!-- This site is optimized with the Yoast SEO plugin v27.3 - https:\/\/yoast.com\/product\/yoast-seo-wordpress\/ -->\n<title>Wheel cutting system &#8226; SOBAtec<\/title>\n<meta name=\"robots\" content=\"index, follow, max-snippet:-1, max-image-preview:large, max-video-preview:-1\" \/>\n<link rel=\"canonical\" href=\"https:\/\/www.sobatec-gmbh.de\/en\/machines\/wheel-cutting-system\/\" \/>\n<meta property=\"og:locale\" content=\"en_US\" \/>\n<meta property=\"og:type\" content=\"article\" \/>\n<meta property=\"og:title\" content=\"Wheel cutting system &#8226; SOBAtec\" \/>\n<meta property=\"og:description\" content=\"Headline. Um das Ziel der Arbeitssicherheit zu erreichen, gilt es, Maschinen und Betriebsmittel zu entwickeln, die vor Unf\u00e4llen, Gefahren und weiteren sch\u00e4digenden Momenten zu sch\u00fctzen. Die SOBAtec GmbH stellt sich jederzeit dieser Anforderung, denn letztlich beeinflusst die Arbeitssicherheit im Positiven die Wirtschaftlichkeit des Unternehmens.\" \/>\n<meta property=\"og:url\" content=\"https:\/\/www.sobatec-gmbh.de\/en\/machines\/wheel-cutting-system\/\" \/>\n<meta property=\"og:site_name\" content=\"SOBAtec\" \/>\n<meta property=\"article:modified_time\" content=\"2024-06-11T09:55:51+00:00\" \/>\n<meta property=\"og:image\" content=\"https:\/\/www.sobatec-gmbh.de\/wp-content\/uploads\/2024\/06\/sobatec-gmbh-werkstattausruestung-radreifentrennanlage.jpg\" \/>\n<meta name=\"twitter:card\" content=\"summary_large_image\" \/>\n<meta name=\"twitter:label1\" content=\"Est. reading time\" \/>\n\t<meta name=\"twitter:data1\" content=\"1 minute\" \/>\n<script type=\"application\/ld+json\" class=\"yoast-schema-graph\">{\"@context\":\"https:\\\/\\\/schema.org\",\"@graph\":[{\"@type\":\"WebPage\",\"@id\":\"https:\\\/\\\/www.sobatec-gmbh.de\\\/en\\\/machines\\\/wheel-cutting-system\\\/\",\"url\":\"https:\\\/\\\/www.sobatec-gmbh.de\\\/en\\\/machines\\\/wheel-cutting-system\\\/\",\"name\":\"Wheel cutting system &#8226; SOBAtec\",\"isPartOf\":{\"@id\":\"https:\\\/\\\/www.sobatec-gmbh.de\\\/#website\"},\"primaryImageOfPage\":{\"@id\":\"https:\\\/\\\/www.sobatec-gmbh.de\\\/en\\\/machines\\\/wheel-cutting-system\\\/#primaryimage\"},\"image\":{\"@id\":\"https:\\\/\\\/www.sobatec-gmbh.de\\\/en\\\/machines\\\/wheel-cutting-system\\\/#primaryimage\"},\"thumbnailUrl\":\"https:\\\/\\\/www.sobatec-gmbh.de\\\/wp-content\\\/uploads\\\/2024\\\/06\\\/sobatec-gmbh-werkstattausruestung-radreifentrennanlage.jpg\",\"datePublished\":\"2024-06-11T09:52:12+00:00\",\"dateModified\":\"2024-06-11T09:55:51+00:00\",\"breadcrumb\":{\"@id\":\"https:\\\/\\\/www.sobatec-gmbh.de\\\/en\\\/machines\\\/wheel-cutting-system\\\/#breadcrumb\"},\"inLanguage\":\"en-US\",\"potentialAction\":[{\"@type\":\"ReadAction\",\"target\":[\"https:\\\/\\\/www.sobatec-gmbh.de\\\/en\\\/machines\\\/wheel-cutting-system\\\/\"]}]},{\"@type\":\"ImageObject\",\"inLanguage\":\"en-US\",\"@id\":\"https:\\\/\\\/www.sobatec-gmbh.de\\\/en\\\/machines\\\/wheel-cutting-system\\\/#primaryimage\",\"url\":\"https:\\\/\\\/www.sobatec-gmbh.de\\\/wp-content\\\/uploads\\\/2024\\\/06\\\/sobatec-gmbh-werkstattausruestung-radreifentrennanlage.jpg\",\"contentUrl\":\"https:\\\/\\\/www.sobatec-gmbh.de\\\/wp-content\\\/uploads\\\/2024\\\/06\\\/sobatec-gmbh-werkstattausruestung-radreifentrennanlage.jpg\"},{\"@type\":\"BreadcrumbList\",\"@id\":\"https:\\\/\\\/www.sobatec-gmbh.de\\\/en\\\/machines\\\/wheel-cutting-system\\\/#breadcrumb\",\"itemListElement\":[{\"@type\":\"ListItem\",\"position\":1,\"name\":\"Startseite\",\"item\":\"https:\\\/\\\/www.sobatec-gmbh.de\\\/en\\\/\"},{\"@type\":\"ListItem\",\"position\":2,\"name\":\"Machines\",\"item\":\"https:\\\/\\\/www.sobatec-gmbh.de\\\/en\\\/machines\\\/\"},{\"@type\":\"ListItem\",\"position\":3,\"name\":\"Wheel cutting system\"}]},{\"@type\":\"WebSite\",\"@id\":\"https:\\\/\\\/www.sobatec-gmbh.de\\\/#website\",\"url\":\"https:\\\/\\\/www.sobatec-gmbh.de\\\/\",\"name\":\"SOBAtec\",\"description\":\"Intelligent Solutions for Industry \u2013 100% Made in Germany\",\"potentialAction\":[{\"@type\":\"SearchAction\",\"target\":{\"@type\":\"EntryPoint\",\"urlTemplate\":\"https:\\\/\\\/www.sobatec-gmbh.de\\\/?s={search_term_string}\"},\"query-input\":{\"@type\":\"PropertyValueSpecification\",\"valueRequired\":true,\"valueName\":\"search_term_string\"}}],\"inLanguage\":\"en-US\"}]}<\/script>\n<!-- \/ Yoast SEO plugin. -->","yoast_head_json":{"title":"Wheel cutting system &#8226; SOBAtec","robots":{"index":"index","follow":"follow","max-snippet":"max-snippet:-1","max-image-preview":"max-image-preview:large","max-video-preview":"max-video-preview:-1"},"canonical":"https:\/\/www.sobatec-gmbh.de\/en\/machines\/wheel-cutting-system\/","og_locale":"en_US","og_type":"article","og_title":"Wheel cutting system &#8226; SOBAtec","og_description":"Headline. Um das Ziel der Arbeitssicherheit zu erreichen, gilt es, Maschinen und Betriebsmittel zu entwickeln, die vor Unf\u00e4llen, Gefahren und weiteren sch\u00e4digenden Momenten zu sch\u00fctzen. Die SOBAtec GmbH stellt sich jederzeit dieser Anforderung, denn letztlich beeinflusst die Arbeitssicherheit im Positiven die Wirtschaftlichkeit des Unternehmens.","og_url":"https:\/\/www.sobatec-gmbh.de\/en\/machines\/wheel-cutting-system\/","og_site_name":"SOBAtec","article_modified_time":"2024-06-11T09:55:51+00:00","og_image":[{"url":"https:\/\/www.sobatec-gmbh.de\/wp-content\/uploads\/2024\/06\/sobatec-gmbh-werkstattausruestung-radreifentrennanlage.jpg","type":"","width":"","height":""}],"twitter_card":"summary_large_image","twitter_misc":{"Est. reading time":"1 minute"},"schema":{"@context":"https:\/\/schema.org","@graph":[{"@type":"WebPage","@id":"https:\/\/www.sobatec-gmbh.de\/en\/machines\/wheel-cutting-system\/","url":"https:\/\/www.sobatec-gmbh.de\/en\/machines\/wheel-cutting-system\/","name":"Wheel cutting system &#8226; SOBAtec","isPartOf":{"@id":"https:\/\/www.sobatec-gmbh.de\/#website"},"primaryImageOfPage":{"@id":"https:\/\/www.sobatec-gmbh.de\/en\/machines\/wheel-cutting-system\/#primaryimage"},"image":{"@id":"https:\/\/www.sobatec-gmbh.de\/en\/machines\/wheel-cutting-system\/#primaryimage"},"thumbnailUrl":"https:\/\/www.sobatec-gmbh.de\/wp-content\/uploads\/2024\/06\/sobatec-gmbh-werkstattausruestung-radreifentrennanlage.jpg","datePublished":"2024-06-11T09:52:12+00:00","dateModified":"2024-06-11T09:55:51+00:00","breadcrumb":{"@id":"https:\/\/www.sobatec-gmbh.de\/en\/machines\/wheel-cutting-system\/#breadcrumb"},"inLanguage":"en-US","potentialAction":[{"@type":"ReadAction","target":["https:\/\/www.sobatec-gmbh.de\/en\/machines\/wheel-cutting-system\/"]}]},{"@type":"ImageObject","inLanguage":"en-US","@id":"https:\/\/www.sobatec-gmbh.de\/en\/machines\/wheel-cutting-system\/#primaryimage","url":"https:\/\/www.sobatec-gmbh.de\/wp-content\/uploads\/2024\/06\/sobatec-gmbh-werkstattausruestung-radreifentrennanlage.jpg","contentUrl":"https:\/\/www.sobatec-gmbh.de\/wp-content\/uploads\/2024\/06\/sobatec-gmbh-werkstattausruestung-radreifentrennanlage.jpg"},{"@type":"BreadcrumbList","@id":"https:\/\/www.sobatec-gmbh.de\/en\/machines\/wheel-cutting-system\/#breadcrumb","itemListElement":[{"@type":"ListItem","position":1,"name":"Startseite","item":"https:\/\/www.sobatec-gmbh.de\/en\/"},{"@type":"ListItem","position":2,"name":"Machines","item":"https:\/\/www.sobatec-gmbh.de\/en\/machines\/"},{"@type":"ListItem","position":3,"name":"Wheel cutting system"}]},{"@type":"WebSite","@id":"https:\/\/www.sobatec-gmbh.de\/#website","url":"https:\/\/www.sobatec-gmbh.de\/","name":"SOBAtec","description":"Intelligent Solutions for Industry \u2013 100% Made in Germany","potentialAction":[{"@type":"SearchAction","target":{"@type":"EntryPoint","urlTemplate":"https:\/\/www.sobatec-gmbh.de\/?s={search_term_string}"},"query-input":{"@type":"PropertyValueSpecification","valueRequired":true,"valueName":"search_term_string"}}],"inLanguage":"en-US"}]}},"_links":{"self":[{"href":"https:\/\/www.sobatec-gmbh.de\/en\/wp-json\/wp\/v2\/pages\/3927","targetHints":{"allow":["GET"]}}],"collection":[{"href":"https:\/\/www.sobatec-gmbh.de\/en\/wp-json\/wp\/v2\/pages"}],"about":[{"href":"https:\/\/www.sobatec-gmbh.de\/en\/wp-json\/wp\/v2\/types\/page"}],"author":[{"embeddable":true,"href":"https:\/\/www.sobatec-gmbh.de\/en\/wp-json\/wp\/v2\/users\/1"}],"replies":[{"embeddable":true,"href":"https:\/\/www.sobatec-gmbh.de\/en\/wp-json\/wp\/v2\/comments?post=3927"}],"version-history":[{"count":2,"href":"https:\/\/www.sobatec-gmbh.de\/en\/wp-json\/wp\/v2\/pages\/3927\/revisions"}],"predecessor-version":[{"id":3930,"href":"https:\/\/www.sobatec-gmbh.de\/en\/wp-json\/wp\/v2\/pages\/3927\/revisions\/3930"}],"up":[{"embeddable":true,"href":"https:\/\/www.sobatec-gmbh.de\/en\/wp-json\/wp\/v2\/pages\/3270"}],"wp:attachment":[{"href":"https:\/\/www.sobatec-gmbh.de\/en\/wp-json\/wp\/v2\/media?parent=3927"}],"curies":[{"name":"wp","href":"https:\/\/api.w.org\/{rel}","templated":true}]}}